{"id":1144,"date":"2018-05-01T19:15:28","date_gmt":"2018-05-01T22:15:28","guid":{"rendered":"http:\/\/www.labgeo.ufscar.br\/site\/?page_id=1144"},"modified":"2022-09-20T14:26:32","modified_gmt":"2022-09-20T17:26:32","slug":"consultorias","status":"publish","type":"page","link":"https:\/\/www.labgeo.ufscar.br\/site\/consultorias\/","title":{"rendered":"Consultorias"},"content":{"rendered":"<p>[et_pb_section bb_built=&#8221;1&#8243; _builder_version=&#8221;3.0.47&#8243;][et_pb_row _builder_version=&#8221;3.0.92&#8243; background_size=&#8221;initial&#8221; background_position=&#8221;top_left&#8221; background_repeat=&#8221;repeat&#8221; make_fullwidth=&#8221;on&#8221;][et_pb_column type=&#8221;4_4&#8243;][et_pb_text _builder_version=&#8221;3.0.92&#8243;]<\/p>\n<h1>Consultoria<\/h1>\n<p><span style=\"font-weight: 400;\">Programas de extens\u00e3o tem sido desenvolvidos no LabGEO\/UFSCar no sentido de abrir as portas da Universidade \u00e0 comunidade, atrav\u00e9s da presta\u00e7\u00e3o de servi\u00e7os de ensaios de mec\u00e2nica dos solos e estradas \u00e0 empresas da \u00e1rea de Geotecnia, Transportes e Meio Ambiente, dando suporte \u00e0 projetos geot\u00e9cnicos e de infraestrutura.<\/span><\/p>\n<p><span style=\"font-weight: 400;\"> Os docentes da equipe t\u00e9cnica do LabGEO\/UFSCar atuam como consultores de projetos geot\u00e9cnicos, contando com toda a infraestrutura para ensaios presente no laborat\u00f3rio.<\/span><\/p>\n<p>[\/et_pb_text][\/et_pb_column][\/et_pb_row][et_pb_row custom_padding=&#8221;0px|0px|33.0156px|0px&#8221; _builder_version=&#8221;3.0.47&#8243; background_size=&#8221;initial&#8221; background_position=&#8221;top_left&#8221; background_repeat=&#8221;repeat&#8221;][et_pb_column type=&#8221;1_2&#8243;][et_pb_image src=&#8221;http:\/\/www.labgeo.ufscar.br\/site\/wp-content\/uploads\/2018\/05\/04083.jpg&#8221; show_in_lightbox=&#8221;on&#8221; _builder_version=&#8221;3.0.92&#8243;]<br \/>\n[\/et_pb_image][et_pb_image src=&#8221;http:\/\/www.labgeo.ufscar.br\/site\/wp-content\/uploads\/2022\/09\/20211020_111843.jpg&#8221; show_in_lightbox=&#8221;on&#8221; _builder_version=&#8221;3.0.92&#8243; url_new_window=&#8221;off&#8221; use_overlay=&#8221;off&#8221; always_center_on_mobile=&#8221;on&#8221; force_fullwidth=&#8221;off&#8221; show_bottom_space=&#8221;on&#8221;]<br \/>\n[\/et_pb_image][\/et_pb_column][et_pb_column type=&#8221;1_2&#8243;][et_pb_image src=&#8221;http:\/\/www.labgeo.ufscar.br\/site\/wp-content\/uploads\/2018\/05\/113057.jpg&#8221; show_in_lightbox=&#8221;on&#8221; _builder_version=&#8221;3.0.92&#8243;]<br \/>\n[\/et_pb_image][\/et_pb_column][\/et_pb_row][\/et_pb_section]<\/p>\n","protected":false},"excerpt":{"rendered":"<p>[et_pb_section bb_built=&#8221;1&#8243; _builder_version=&#8221;3.0.47&#8243;][et_pb_row _builder_version=&#8221;3.0.92&#8243; background_size=&#8221;initial&#8221; background_position=&#8221;top_left&#8221; background_repeat=&#8221;repeat&#8221; make_fullwidth=&#8221;on&#8221;][et_pb_column type=&#8221;4_4&#8243;][et_pb_text _builder_version=&#8221;3.0.92&#8243;] Consultoria Programas de extens\u00e3o tem sido desenvolvidos no LabGEO\/UFSCar no sentido de abrir as portas da Universidade \u00e0 comunidade, atrav\u00e9s da presta\u00e7\u00e3o de servi\u00e7os de ensaios de mec\u00e2nica dos solos e estradas \u00e0 empresas da \u00e1rea de Geotecnia, Transportes e Meio Ambiente, dando suporte \u00e0 [&hellip;]<\/p>\n","protected":false},"author":1,"featured_media":0,"parent":0,"menu_order":0,"comment_status":"closed","ping_status":"closed","template":"page-template-fullwidth.php","meta":{"footnotes":""},"class_list":["post-1144","page","type-page","status-publish","hentry"],"_links":{"self":[{"href":"https:\/\/www.labgeo.ufscar.br\/site\/wp-json\/wp\/v2\/pages\/1144","targetHints":{"allow":["GET"]}}],"collection":[{"href":"https:\/\/www.labgeo.ufscar.br\/site\/wp-json\/wp\/v2\/pages"}],"about":[{"href":"https:\/\/www.labgeo.ufscar.br\/site\/wp-json\/wp\/v2\/types\/page"}],"author":[{"embeddable":true,"href":"https:\/\/www.labgeo.ufscar.br\/site\/wp-json\/wp\/v2\/users\/1"}],"replies":[{"embeddable":true,"href":"https:\/\/www.labgeo.ufscar.br\/site\/wp-json\/wp\/v2\/comments?post=1144"}],"version-history":[{"count":13,"href":"https:\/\/www.labgeo.ufscar.br\/site\/wp-json\/wp\/v2\/pages\/1144\/revisions"}],"predecessor-version":[{"id":2008,"href":"https:\/\/www.labgeo.ufscar.br\/site\/wp-json\/wp\/v2\/pages\/1144\/revisions\/2008"}],"wp:attachment":[{"href":"https:\/\/www.labgeo.ufscar.br\/site\/wp-json\/wp\/v2\/media?parent=1144"}],"curies":[{"name":"wp","href":"https:\/\/api.w.org\/{rel}","templated":true}]}}