{"id":1800,"date":"2020-09-06T11:25:40","date_gmt":"2020-09-06T14:25:40","guid":{"rendered":"http:\/\/www.labgeo.ufscar.br\/site\/?page_id=1800"},"modified":"2020-09-16T08:21:44","modified_gmt":"2020-09-16T11:21:44","slug":"ensaios-de-campo-e-ensaios-especiais","status":"publish","type":"page","link":"https:\/\/www.labgeo.ufscar.br\/site\/ensaios-de-campo-e-ensaios-especiais\/","title":{"rendered":"Ensaios de Campo e Ensaios Especiais"},"content":{"rendered":"<p>[et_pb_section bb_built=&#8221;1&#8243; _builder_version=&#8221;3.0.92&#8243;][et_pb_row custom_padding=&#8221;37.0312px|0px|14px|0px&#8221; _builder_version=&#8221;3.0.92&#8243; background_size=&#8221;initial&#8221; background_position=&#8221;top_left&#8221; background_repeat=&#8221;repeat&#8221; make_fullwidth=&#8221;on&#8221;][et_pb_column type=&#8221;4_4&#8243;][et_pb_text _builder_version=&#8221;3.0.92&#8243;]<\/p>\n<h1>Ensaios de Campo e Ensaios Especiais<\/h1>\n<p>[\/et_pb_text][et_pb_text _builder_version=&#8221;3.0.92&#8243;]<\/p>\n<p><span style=\"font-weight: 400;\">O Laborat\u00f3rio de Geotecnia da UFSCar tem uma ampla gama de servi\u00e7os de Ensaios de campo e tamb\u00e9m, p<\/span><span style=\"font-weight: 400;\">or se tratar de um ambiente de pesquisa, realiza o desenvolvimento de equipamentos e sistemas de ensaios, os quais podem ser utilizados para avaliar um problema espec\u00edfico de um determinado projeto. O LabGEO\/UFSCar valoriza pesquisas que buscam desenvolvimentos para suprir a realizada pr\u00e1tica da Geotecnia.<\/span><\/p>\n<p>[\/et_pb_text][\/et_pb_column][\/et_pb_row][et_pb_row _builder_version=&#8221;3.0.92&#8243; make_fullwidth=&#8221;on&#8221;][et_pb_column type=&#8221;1_2&#8243;][et_pb_text _builder_version=&#8221;3.0.92&#8243;]<\/p>\n<h4>Nosso Portf\u00f3lio de Ensaios de campo inclui:<\/h4>\n<ul>\n<li style=\"font-weight: 400;\"><span style=\"font-weight: 400;\">Coleta de amostras indeformadas e deformadas<\/span><\/li>\n<li style=\"font-weight: 400;\"><span style=\"font-weight: 400;\">Controle de compacta\u00e7\u00e3o<\/span><\/li>\n<li style=\"font-weight: 400;\"><span style=\"font-weight: 400;\">Determina\u00e7\u00e3o da massa espec\u00edfica natural pelo m\u00e9todo do funil de areia<\/span><\/li>\n<li style=\"font-weight: 400;\"><span style=\"font-weight: 400;\">Determina\u00e7\u00e3o da massa especifica natural pelo m\u00e9todo do cilindro de crava\u00e7\u00e3o<\/span><\/li>\n<li style=\"font-weight: 400;\"><span style=\"font-weight: 400;\">Teor de umidade pelo m\u00e9todo da frigideira<\/span><\/li>\n<li style=\"font-weight: 400;\"><span style=\"font-weight: 400;\">Teor de umidade pelo m\u00e9todo Speed test<\/span><\/li>\n<li style=\"font-weight: 400;\"><span style=\"font-weight: 400;\">Po\u00e7os de monitoramento<\/span><\/li>\n<li style=\"font-weight: 400;\"><span style=\"font-weight: 400;\">Permeabilidade\u00a0<\/span><i><span style=\"font-weight: 400;\">in situ<\/span><\/i><\/li>\n<\/ul>\n<p>[\/et_pb_text][\/et_pb_column][et_pb_column type=&#8221;1_2&#8243;][et_pb_image _builder_version=&#8221;3.0.92&#8243;]<br \/>\n[\/et_pb_image][et_pb_gallery gallery_ids=&#8221;1814,1815,1948,1567,1704,1537&#8243; gallery_captions=&#8221;,,,&#8221; fullwidth=&#8221;on&#8221; _builder_version=&#8221;3.0.92&#8243; border_radii=&#8221;on|5px|5px|5px|5px&#8221; auto=&#8221;on&#8221; auto_speed=&#8221;5000&#8243; max_width=&#8221;400px&#8221; module_alignment=&#8221;left&#8221; show_title_and_caption=&#8221;on&#8221; show_pagination=&#8221;on&#8221; orientation=&#8221;landscape&#8221; zoom_icon_color=&#8221;#232323&#8243; hover_overlay_color=&#8221;rgba(255,255,255,0.9)&#8221; background_layout=&#8221;light&#8221; pagination_font_size_tablet=&#8221;51&#8243; pagination_line_height_tablet=&#8221;2&#8243;]<br \/>\n[\/et_pb_gallery][\/et_pb_column][\/et_pb_row][\/et_pb_section]<\/p>\n","protected":false},"excerpt":{"rendered":"<p>[et_pb_section bb_built=&#8221;1&#8243; _builder_version=&#8221;3.0.92&#8243;][et_pb_row custom_padding=&#8221;37.0312px|0px|14px|0px&#8221; _builder_version=&#8221;3.0.92&#8243; background_size=&#8221;initial&#8221; background_position=&#8221;top_left&#8221; background_repeat=&#8221;repeat&#8221; make_fullwidth=&#8221;on&#8221;][et_pb_column type=&#8221;4_4&#8243;][et_pb_text _builder_version=&#8221;3.0.92&#8243;] Ensaios de Campo e Ensaios Especiais [\/et_pb_text][et_pb_text _builder_version=&#8221;3.0.92&#8243;] O Laborat\u00f3rio de Geotecnia da UFSCar tem uma ampla gama de servi\u00e7os de Ensaios de campo e tamb\u00e9m, por se tratar de um ambiente de pesquisa, realiza o desenvolvimento de equipamentos e sistemas de ensaios, os [&hellip;]<\/p>\n","protected":false},"author":1,"featured_media":0,"parent":0,"menu_order":0,"comment_status":"closed","ping_status":"closed","template":"page-template-fullwidth.php","meta":{"footnotes":""},"class_list":["post-1800","page","type-page","status-publish","hentry"],"_links":{"self":[{"href":"https:\/\/www.labgeo.ufscar.br\/site\/wp-json\/wp\/v2\/pages\/1800","targetHints":{"allow":["GET"]}}],"collection":[{"href":"https:\/\/www.labgeo.ufscar.br\/site\/wp-json\/wp\/v2\/pages"}],"about":[{"href":"https:\/\/www.labgeo.ufscar.br\/site\/wp-json\/wp\/v2\/types\/page"}],"author":[{"embeddable":true,"href":"https:\/\/www.labgeo.ufscar.br\/site\/wp-json\/wp\/v2\/users\/1"}],"replies":[{"embeddable":true,"href":"https:\/\/www.labgeo.ufscar.br\/site\/wp-json\/wp\/v2\/comments?post=1800"}],"version-history":[{"count":7,"href":"https:\/\/www.labgeo.ufscar.br\/site\/wp-json\/wp\/v2\/pages\/1800\/revisions"}],"predecessor-version":[{"id":1949,"href":"https:\/\/www.labgeo.ufscar.br\/site\/wp-json\/wp\/v2\/pages\/1800\/revisions\/1949"}],"wp:attachment":[{"href":"https:\/\/www.labgeo.ufscar.br\/site\/wp-json\/wp\/v2\/media?parent=1800"}],"curies":[{"name":"wp","href":"https:\/\/api.w.org\/{rel}","templated":true}]}}