{"id":853,"date":"2018-04-14T20:57:38","date_gmt":"2018-04-14T23:57:38","guid":{"rendered":"http:\/\/www.labgeo.ufscar.br\/site\/?page_id=853"},"modified":"2025-09-15T11:26:09","modified_gmt":"2025-09-15T14:26:09","slug":"o-laboratorio","status":"publish","type":"page","link":"https:\/\/www.labgeo.ufscar.br\/site\/o-laboratorio\/","title":{"rendered":"O Laborat\u00f3rio"},"content":{"rendered":"<p>[et_pb_section bb_built=&#8221;1&#8243; _builder_version=&#8221;3.0.47&#8243;][et_pb_row _builder_version=&#8221;3.0.47&#8243; background_size=&#8221;initial&#8221; background_position=&#8221;top_left&#8221; background_repeat=&#8221;repeat&#8221; custom_padding=&#8221;36.625px|0px|0px|0px&#8221;][et_pb_column type=&#8221;4_4&#8243;][et_pb_text _builder_version=&#8221;3.0.92&#8243;]<\/p>\n<h1 class=\"entry-title\">O LABORAT\u00d3RIo<\/h1>\n<p>[\/et_pb_text][et_pb_text _builder_version=&#8221;3.0.92&#8243;]<\/p>\n<p>O LabGEO\/UFSCar est\u00e1 localizado no Departamento de Engenharia Civil da Universidade Federal de S\u00e3o Carlos. Este pr\u00e9dio conta com uma \u00e1rea total aproximada de 350 m\u00b2, dividido nos seguintes ambientes:<\/p>\n<ul>\n<li>Sala de Ensaios de Mec\u00e2nica dos solos:\u00a0Permeabilidade, Adensamento, Cisalhamento direto, CBR e Compress\u00e3o Simples<\/li>\n<li>Sala de Ensaios de Geossint\u00e9ticos<\/li>\n<li>Sala de Ensaios de grande porte\/estudos experimentais<\/li>\n<li>Sala de Ensaios especiais<\/li>\n<li>Sala para estudos avan\u00e7ados de modelagem num\u00e9rica em Geotecnia<\/li>\n<li>Sala para estufas<\/li>\n<li>Sala de c\u00e2mara \u00famida<\/li>\n<\/ul>\n<p>[\/et_pb_text][\/et_pb_column][\/et_pb_row][et_pb_row _builder_version=&#8221;3.0.47&#8243; background_size=&#8221;initial&#8221; background_position=&#8221;top_left&#8221; background_repeat=&#8221;repeat&#8221;][et_pb_column type=&#8221;4_4&#8243;][et_pb_gallery gallery_ids=&#8221;1637,1710,1944,1653,1938,1398&#8243; fullwidth=&#8221;on&#8221; _builder_version=&#8221;3.0.92&#8243; pagination_font_size_tablet=&#8221;51&#8243; pagination_line_height_tablet=&#8221;2&#8243; show_title_and_caption=&#8221;on&#8221; show_pagination=&#8221;on&#8221; orientation=&#8221;landscape&#8221; zoom_icon_color=&#8221;#232323&#8243; hover_overlay_color=&#8221;rgba(255,255,255,0.9)&#8221; background_layout=&#8221;light&#8221; \/][\/et_pb_column][\/et_pb_row][\/et_pb_section]<\/p>\n","protected":false},"excerpt":{"rendered":"<p>[et_pb_section bb_built=&#8221;1&#8243; _builder_version=&#8221;3.0.47&#8243;][et_pb_row _builder_version=&#8221;3.0.47&#8243; background_size=&#8221;initial&#8221; background_position=&#8221;top_left&#8221; background_repeat=&#8221;repeat&#8221; custom_padding=&#8221;36.625px|0px|0px|0px&#8221;][et_pb_column type=&#8221;4_4&#8243;][et_pb_text _builder_version=&#8221;3.0.92&#8243;] O LABORAT\u00d3RIo [\/et_pb_text][et_pb_text _builder_version=&#8221;3.0.92&#8243;] O LabGEO\/UFSCar est\u00e1 localizado no Departamento de Engenharia Civil da Universidade Federal de S\u00e3o Carlos. Este pr\u00e9dio conta com uma \u00e1rea total aproximada de 350 m\u00b2, dividido nos seguintes ambientes: Sala de Ensaios de Mec\u00e2nica dos solos:\u00a0Permeabilidade, Adensamento, Cisalhamento direto, CBR [&hellip;]<\/p>\n","protected":false},"author":1,"featured_media":0,"parent":0,"menu_order":0,"comment_status":"closed","ping_status":"closed","template":"page-template-fullwidth.php","meta":{"footnotes":""},"class_list":["post-853","page","type-page","status-publish","hentry"],"_links":{"self":[{"href":"https:\/\/www.labgeo.ufscar.br\/site\/wp-json\/wp\/v2\/pages\/853","targetHints":{"allow":["GET"]}}],"collection":[{"href":"https:\/\/www.labgeo.ufscar.br\/site\/wp-json\/wp\/v2\/pages"}],"about":[{"href":"https:\/\/www.labgeo.ufscar.br\/site\/wp-json\/wp\/v2\/types\/page"}],"author":[{"embeddable":true,"href":"https:\/\/www.labgeo.ufscar.br\/site\/wp-json\/wp\/v2\/users\/1"}],"replies":[{"embeddable":true,"href":"https:\/\/www.labgeo.ufscar.br\/site\/wp-json\/wp\/v2\/comments?post=853"}],"version-history":[{"count":15,"href":"https:\/\/www.labgeo.ufscar.br\/site\/wp-json\/wp\/v2\/pages\/853\/revisions"}],"predecessor-version":[{"id":1952,"href":"https:\/\/www.labgeo.ufscar.br\/site\/wp-json\/wp\/v2\/pages\/853\/revisions\/1952"}],"wp:attachment":[{"href":"https:\/\/www.labgeo.ufscar.br\/site\/wp-json\/wp\/v2\/media?parent=853"}],"curies":[{"name":"wp","href":"https:\/\/api.w.org\/{rel}","templated":true}]}}