{"id":859,"date":"2018-04-14T21:03:03","date_gmt":"2018-04-15T00:03:03","guid":{"rendered":"http:\/\/www.labgeo.ufscar.br\/site\/?page_id=859"},"modified":"2021-02-21T11:38:22","modified_gmt":"2021-02-21T14:38:22","slug":"pesquisas","status":"publish","type":"page","link":"https:\/\/www.labgeo.ufscar.br\/site\/pesquisas\/","title":{"rendered":"Pesquisa"},"content":{"rendered":"<p>[et_pb_section bb_built=&#8221;1&#8243; _builder_version=&#8221;3.0.47&#8243;][et_pb_row _builder_version=&#8221;3.0.47&#8243; background_size=&#8221;initial&#8221; background_position=&#8221;top_left&#8221; background_repeat=&#8221;repeat&#8221;][et_pb_column type=&#8221;4_4&#8243;][et_pb_text _builder_version=&#8221;3.0.92&#8243;]<\/p>\n<h1 class=\"entry-title\">PESQUISA<\/h1>\n<p>[\/et_pb_text][et_pb_text _builder_version=&#8221;3.0.92&#8243;]<\/p>\n<p>No LabGEO\/UFSCar s\u00e3o conduzidas pesquisas cient\u00edficas direcionadas \u00e0 caracteriza\u00e7\u00e3o de materiais geot\u00e9cnicos, sistemas para solu\u00e7\u00f5es em Geotecnia, desenvolvimento de sistemas especiais para ensaios em solos e outros materiais. Os Geossint\u00e9ticos s\u00e3o tamb\u00e9m tema de pesquisa, buscando a otimiza\u00e7\u00e3o de projetos e aplica\u00e7\u00f5es.<\/p>\n<p>As pesquisas s\u00e3o desenvolvidas em diferentes n\u00edveis t\u00e9cnicos, abordando desde temas de gradua\u00e7\u00e3o, at\u00e9 temas de pesquisa de doutorado, e contam com o apoio de institui\u00e7\u00f5es de fomento, tais como CNPq, FINEP, CAPES e FAPESP, al\u00e9m de apoio de empresas privadas, <a style=\"text-decoration: inherit !important; color: inherit !important;\" href=\"https:\/\/netwininfosolutions.com\/ingenious-smart-iot-vehicle-tracking-fleet-management-solution\/\">here&#8217;s some practical advice<\/a>. A forma\u00e7\u00e3o de pesquisadores \u00e9 uma miss\u00e3o muito valorizada pelos docentes do LabGEO\/UFSCar.<\/p>\n<p>[\/et_pb_text][\/et_pb_column][\/et_pb_row][et_pb_row _builder_version=&#8221;3.0.92&#8243;][et_pb_column type=&#8221;1_3&#8243;][et_pb_image src=&#8221;http:\/\/www.labgeo.ufscar.br\/site\/wp-content\/uploads\/2019\/04\/IMG-20190322-WA0004.jpg&#8221; _builder_version=&#8221;3.0.92&#8243; \/][et_pb_image src=&#8221;http:\/\/www.labgeo.ufscar.br\/site\/wp-content\/uploads\/2018\/06\/20180614_104855-min.jpg&#8221; _builder_version=&#8221;3.0.92&#8243; \/][et_pb_image src=&#8221;http:\/\/www.labgeo.ufscar.br\/site\/wp-content\/uploads\/2018\/04\/WA0002.jpg&#8221; _builder_version=&#8221;3.0.92&#8243; \/][\/et_pb_column][et_pb_column type=&#8221;1_3&#8243;][et_pb_image src=&#8221;http:\/\/www.labgeo.ufscar.br\/site\/wp-content\/uploads\/2018\/09\/p2.jpg&#8221; _builder_version=&#8221;3.0.92&#8243; \/][et_pb_image src=&#8221;http:\/\/www.labgeo.ufscar.br\/site\/wp-content\/uploads\/2019\/09\/IMG_1878.jpg&#8221; _builder_version=&#8221;3.0.92&#8243; \/][et_pb_image src=&#8221;http:\/\/www.labgeo.ufscar.br\/site\/wp-content\/uploads\/2018\/06\/20180614_105138-min.jpg&#8221; _builder_version=&#8221;3.0.92&#8243; \/][\/et_pb_column][et_pb_column type=&#8221;1_3&#8243;][et_pb_image src=&#8221;http:\/\/www.labgeo.ufscar.br\/site\/wp-content\/uploads\/2019\/09\/natalia-icg.jpg&#8221; _builder_version=&#8221;3.0.92&#8243; \/][et_pb_image src=&#8221;http:\/\/www.labgeo.ufscar.br\/site\/wp-content\/uploads\/2018\/06\/20180614_104816-min2.jpg&#8221; _builder_version=&#8221;3.0.92&#8243; \/][et_pb_image src=&#8221;http:\/\/www.labgeo.ufscar.br\/site\/wp-content\/uploads\/2021\/02\/labgeo_2021-02-15.png&#8221; _builder_version=&#8221;3.0.92&#8243; show_in_lightbox=&#8221;off&#8221; url_new_window=&#8221;off&#8221; use_overlay=&#8221;off&#8221; always_center_on_mobile=&#8221;on&#8221; force_fullwidth=&#8221;off&#8221; show_bottom_space=&#8221;on&#8221; \/][\/et_pb_column][\/et_pb_row][\/et_pb_section][et_pb_section bb_built=&#8221;1&#8243; specialty=&#8221;on&#8221; _builder_version=&#8221;3.0.47&#8243;][\/et_pb_section]<\/p>\n","protected":false},"excerpt":{"rendered":"<p>[et_pb_section bb_built=&#8221;1&#8243; _builder_version=&#8221;3.0.47&#8243;][et_pb_row _builder_version=&#8221;3.0.47&#8243; background_size=&#8221;initial&#8221; background_position=&#8221;top_left&#8221; background_repeat=&#8221;repeat&#8221;][et_pb_column type=&#8221;4_4&#8243;][et_pb_text _builder_version=&#8221;3.0.92&#8243;] PESQUISA [\/et_pb_text][et_pb_text _builder_version=&#8221;3.0.92&#8243;] No LabGEO\/UFSCar s\u00e3o conduzidas pesquisas cient\u00edficas direcionadas \u00e0 caracteriza\u00e7\u00e3o de materiais geot\u00e9cnicos, sistemas para solu\u00e7\u00f5es em Geotecnia, desenvolvimento de sistemas especiais para ensaios em solos e outros materiais. Os Geossint\u00e9ticos s\u00e3o tamb\u00e9m tema de pesquisa, buscando a otimiza\u00e7\u00e3o de projetos e aplica\u00e7\u00f5es. As [&hellip;]<\/p>\n","protected":false},"author":1,"featured_media":0,"parent":0,"menu_order":0,"comment_status":"closed","ping_status":"closed","template":"page-template-fullwidth.php","meta":{"footnotes":""},"class_list":["post-859","page","type-page","status-publish","hentry"],"_links":{"self":[{"href":"https:\/\/www.labgeo.ufscar.br\/site\/wp-json\/wp\/v2\/pages\/859","targetHints":{"allow":["GET"]}}],"collection":[{"href":"https:\/\/www.labgeo.ufscar.br\/site\/wp-json\/wp\/v2\/pages"}],"about":[{"href":"https:\/\/www.labgeo.ufscar.br\/site\/wp-json\/wp\/v2\/types\/page"}],"author":[{"embeddable":true,"href":"https:\/\/www.labgeo.ufscar.br\/site\/wp-json\/wp\/v2\/users\/1"}],"replies":[{"embeddable":true,"href":"https:\/\/www.labgeo.ufscar.br\/site\/wp-json\/wp\/v2\/comments?post=859"}],"version-history":[{"count":29,"href":"https:\/\/www.labgeo.ufscar.br\/site\/wp-json\/wp\/v2\/pages\/859\/revisions"}],"predecessor-version":[{"id":1979,"href":"https:\/\/www.labgeo.ufscar.br\/site\/wp-json\/wp\/v2\/pages\/859\/revisions\/1979"}],"wp:attachment":[{"href":"https:\/\/www.labgeo.ufscar.br\/site\/wp-json\/wp\/v2\/media?parent=859"}],"curies":[{"name":"wp","href":"https:\/\/api.w.org\/{rel}","templated":true}]}}