{"id":870,"date":"2018-04-14T22:59:14","date_gmt":"2018-04-15T01:59:14","guid":{"rendered":"http:\/\/www.labgeo.ufscar.br\/site\/?page_id=870"},"modified":"2021-02-21T11:40:58","modified_gmt":"2021-02-21T14:40:58","slug":"ensino","status":"publish","type":"page","link":"https:\/\/www.labgeo.ufscar.br\/site\/ensino\/","title":{"rendered":"Ensino"},"content":{"rendered":"<p>[et_pb_section bb_built=&#8221;1&#8243; _builder_version=&#8221;3.0.47&#8243;][et_pb_row _builder_version=&#8221;3.0.47&#8243; background_size=&#8221;initial&#8221; background_position=&#8221;top_left&#8221; background_repeat=&#8221;repeat&#8221; custom_padding=&#8221;38.0469px|0px|0px|0px&#8221;][et_pb_column type=&#8221;4_4&#8243;][et_pb_text _builder_version=&#8221;3.0.92&#8243;]<\/p>\n<h1>ENSINO<\/h1>\n<p>[\/et_pb_text][et_pb_text _builder_version=&#8221;3.0.92&#8243;]<\/p>\n<p>O LabGEO\/UFSCar \u00e9 um ambiente organizado para aulas pr\u00e1ticas de Geotecnia do curso de gradua\u00e7\u00e3o em Engenharia Civil. S\u00e3o ministradas no laborat\u00f3rio:<\/p>\n<ul>\n<li>Aulas pr\u00e1ticas de Mec\u00e2nica dos Solos<\/li>\n<li>Aulas pr\u00e1ticas de Ensaios Especiais em Mec\u00e2nica dos Solos<\/li>\n<\/ul>\n<p>[\/et_pb_text][\/et_pb_column][\/et_pb_row][et_pb_row _builder_version=&#8221;3.0.92&#8243;][et_pb_column type=&#8221;1_3&#8243;][et_pb_image src=&#8221;http:\/\/www.labgeo.ufscar.br\/site\/wp-content\/uploads\/2018\/04\/WA0040.jpg&#8221; show_in_lightbox=&#8221;on&#8221; _builder_version=&#8221;3.0.92&#8243;]<br \/>\n[\/et_pb_image][\/et_pb_column][et_pb_column type=&#8221;1_3&#8243;][et_pb_image src=&#8221;http:\/\/www.labgeo.ufscar.br\/site\/wp-content\/uploads\/2018\/07\/EncotroIGSBrasil2018-BP-75-2.jpeg&#8221; show_in_lightbox=&#8221;on&#8221; _builder_version=&#8221;3.0.92&#8243;]<br \/>\n[\/et_pb_image][\/et_pb_column][et_pb_column type=&#8221;1_3&#8243;][et_pb_image src=&#8221;http:\/\/www.labgeo.ufscar.br\/site\/wp-content\/uploads\/2018\/11\/IMG-20181106-WA0011.jpg&#8221; show_in_lightbox=&#8221;on&#8221; _builder_version=&#8221;3.0.92&#8243;]<br \/>\n[\/et_pb_image][\/et_pb_column][\/et_pb_row][et_pb_row _builder_version=&#8221;3.0.92&#8243;][et_pb_column type=&#8221;1_3&#8243;][et_pb_image src=&#8221;http:\/\/www.labgeo.ufscar.br\/site\/wp-content\/uploads\/2018\/06\/20180510_091904.jpg&#8221; show_in_lightbox=&#8221;on&#8221; _builder_version=&#8221;3.0.92&#8243;]<br \/>\n[\/et_pb_image][et_pb_image src=&#8221;http:\/\/www.labgeo.ufscar.br\/site\/wp-content\/uploads\/2019\/09\/leo.jpg&#8221; show_in_lightbox=&#8221;on&#8221; _builder_version=&#8221;3.0.92&#8243;]<br \/>\n[\/et_pb_image][et_pb_image _builder_version=&#8221;3.0.92&#8243; src=&#8221;http:\/\/www.labgeo.ufscar.br\/site\/wp-content\/uploads\/2021\/02\/foto_videos.png&#8221; show_in_lightbox=&#8221;off&#8221; url_new_window=&#8221;off&#8221; use_overlay=&#8221;off&#8221; always_center_on_mobile=&#8221;on&#8221; force_fullwidth=&#8221;off&#8221; show_bottom_space=&#8221;on&#8221; \/][\/et_pb_column][et_pb_column type=&#8221;1_3&#8243;][et_pb_image src=&#8221;http:\/\/www.labgeo.ufscar.br\/site\/wp-content\/uploads\/2019\/09\/wilson.jpg&#8221; show_in_lightbox=&#8221;on&#8221; _builder_version=&#8221;3.0.92&#8243;]<br \/>\n[\/et_pb_image][et_pb_image src=&#8221;http:\/\/www.labgeo.ufscar.br\/site\/wp-content\/uploads\/2019\/09\/matheus-1.jpeg&#8221; show_in_lightbox=&#8221;on&#8221; _builder_version=&#8221;3.0.92&#8243;]<br \/>\n[\/et_pb_image][\/et_pb_column][et_pb_column type=&#8221;1_3&#8243;][et_pb_image src=&#8221;http:\/\/www.labgeo.ufscar.br\/site\/wp-content\/uploads\/2018\/06\/20180503_092322-min.jpg&#8221; show_in_lightbox=&#8221;on&#8221; _builder_version=&#8221;3.0.92&#8243;]<br \/>\n[\/et_pb_image][et_pb_image src=&#8221;http:\/\/www.labgeo.ufscar.br\/site\/wp-content\/uploads\/2018\/07\/IMG_5986.jpg&#8221; show_in_lightbox=&#8221;on&#8221; _builder_version=&#8221;3.0.92&#8243;]<br \/>\n[\/et_pb_image][\/et_pb_column][\/et_pb_row][\/et_pb_section]<\/p>\n","protected":false},"excerpt":{"rendered":"<p>[et_pb_section bb_built=&#8221;1&#8243; _builder_version=&#8221;3.0.47&#8243;][et_pb_row _builder_version=&#8221;3.0.47&#8243; background_size=&#8221;initial&#8221; background_position=&#8221;top_left&#8221; background_repeat=&#8221;repeat&#8221; custom_padding=&#8221;38.0469px|0px|0px|0px&#8221;][et_pb_column type=&#8221;4_4&#8243;][et_pb_text _builder_version=&#8221;3.0.92&#8243;] ENSINO [\/et_pb_text][et_pb_text _builder_version=&#8221;3.0.92&#8243;] O LabGEO\/UFSCar \u00e9 um ambiente organizado para aulas pr\u00e1ticas de Geotecnia do curso de gradua\u00e7\u00e3o em Engenharia Civil. S\u00e3o ministradas no laborat\u00f3rio: Aulas pr\u00e1ticas de Mec\u00e2nica dos Solos Aulas pr\u00e1ticas de Ensaios Especiais em Mec\u00e2nica dos Solos [\/et_pb_text][\/et_pb_column][\/et_pb_row][et_pb_row _builder_version=&#8221;3.0.92&#8243;][et_pb_column type=&#8221;1_3&#8243;][et_pb_image src=&#8221;http:\/\/www.labgeo.ufscar.br\/site\/wp-content\/uploads\/2018\/04\/WA0040.jpg&#8221; show_in_lightbox=&#8221;on&#8221; [&hellip;]<\/p>\n","protected":false},"author":1,"featured_media":0,"parent":0,"menu_order":0,"comment_status":"closed","ping_status":"closed","template":"page-template-fullwidth.php","meta":{"footnotes":""},"class_list":["post-870","page","type-page","status-publish","hentry"],"_links":{"self":[{"href":"https:\/\/www.labgeo.ufscar.br\/site\/wp-json\/wp\/v2\/pages\/870","targetHints":{"allow":["GET"]}}],"collection":[{"href":"https:\/\/www.labgeo.ufscar.br\/site\/wp-json\/wp\/v2\/pages"}],"about":[{"href":"https:\/\/www.labgeo.ufscar.br\/site\/wp-json\/wp\/v2\/types\/page"}],"author":[{"embeddable":true,"href":"https:\/\/www.labgeo.ufscar.br\/site\/wp-json\/wp\/v2\/users\/1"}],"replies":[{"embeddable":true,"href":"https:\/\/www.labgeo.ufscar.br\/site\/wp-json\/wp\/v2\/comments?post=870"}],"version-history":[{"count":22,"href":"https:\/\/www.labgeo.ufscar.br\/site\/wp-json\/wp\/v2\/pages\/870\/revisions"}],"predecessor-version":[{"id":1981,"href":"https:\/\/www.labgeo.ufscar.br\/site\/wp-json\/wp\/v2\/pages\/870\/revisions\/1981"}],"wp:attachment":[{"href":"https:\/\/www.labgeo.ufscar.br\/site\/wp-json\/wp\/v2\/media?parent=870"}],"curies":[{"name":"wp","href":"https:\/\/api.w.org\/{rel}","templated":true}]}}