{"id":954,"date":"2018-04-15T00:32:44","date_gmt":"2018-04-15T03:32:44","guid":{"rendered":"http:\/\/www.labgeo.ufscar.br\/site\/?page_id=954"},"modified":"2020-09-16T10:40:06","modified_gmt":"2020-09-16T13:40:06","slug":"home","status":"publish","type":"page","link":"https:\/\/www.labgeo.ufscar.br\/site\/","title":{"rendered":"Bem-vindo ao LabGeo"},"content":{"rendered":"<p>[et_pb_section bb_built=&#8221;1&#8243; fullwidth=&#8221;on&#8221; disabled_on=&#8221;on|on|on&#8221; _builder_version=&#8221;3.0.92&#8243;][et_pb_fullwidth_slider admin_label=&#8221;Slider Principal da Home&#8221; _builder_version=&#8221;3.0.92&#8243; auto=&#8221;on&#8221; auto_speed=&#8221;5000&#8243;][et_pb_slide heading=&#8221;LabGEO\/UFSCar&#8221; button_text=&#8221;CONHE\u00c7A O LABORAT\u00d3RIO&#8221; button_link=&#8221;http:\/\/www.labgeo.ufscar.br\/site\/o-laboratorio&#8221; use_bg_overlay=&#8221;on&#8221; bg_overlay_color=&#8221;rgba(22,22,22,0.6)&#8221; use_text_overlay=&#8221;off&#8221; _builder_version=&#8221;3.0.92&#8243; header_font=&#8221;||||||||&#8221; background_image=&#8221;http:\/\/www.labgeo.ufscar.br\/site\/wp-content\/uploads\/2018\/07\/20180727170858_IMG_0123.jpg&#8221;]Laborat\u00f3rio de Geotecnia da Universidade Federal de S\u00e3o Carlos<br \/>\n[\/et_pb_slide][et_pb_slide heading=&#8221;Ensaios Laboratoriais&#8221; button_text=&#8221;SAIBA MAIS&#8221; button_link=&#8221;http:\/\/www.labgeo.ufscar.br\/site\/category\/solos\/&#8221; use_bg_overlay=&#8221;on&#8221; bg_overlay_color=&#8221;rgba(22,22,22,0.6)&#8221; use_text_overlay=&#8221;off&#8221; _builder_version=&#8221;3.0.92&#8243; header_font=&#8221;||||||||&#8221; background_image=&#8221;http:\/\/www.labgeo.ufscar.br\/site\/wp-content\/uploads\/2018\/05\/banner2-1.jpg&#8221;]Confira nossos ensaios laboratoriais<br \/>\n[\/et_pb_slide][et_pb_slide heading=&#8221;Ensaios de Campo&#8221; button_text=&#8221;SAIBA MAIS&#8221; button_link=&#8221;http:\/\/www.labgeo.ufscar.br\/site\/ensaios-de-campo\/&#8221; use_bg_overlay=&#8221;on&#8221; bg_overlay_color=&#8221;rgba(22,22,22,0.6)&#8221; use_text_overlay=&#8221;off&#8221; _builder_version=&#8221;3.0.92&#8243; header_font=&#8221;||||||||&#8221; background_image=&#8221;http:\/\/www.labgeo.ufscar.br\/site\/wp-content\/uploads\/2018\/05\/banner1-1.jpg&#8221;]Ensaios realizados no campo<br \/>\n[\/et_pb_slide][\/et_pb_fullwidth_slider][\/et_pb_section][et_pb_section bb_built=&#8221;1&#8243; fullwidth=&#8221;on&#8221; module_id=&#8221;banner_topo&#8221; _builder_version=&#8221;3.0.92&#8243; custom_css_main_element=&#8221;width:100% !important;&#8221;][et_pb_fullwidth_slider _builder_version=&#8221;3.0.92&#8243; header_font=&#8221;|||on|||||&#8221; background_blend=&#8221;overlay&#8221;][et_pb_slide button_link=&#8221;\/site\/o-laboratorio&#8221; _builder_version=&#8221;3.0.92&#8243; header_font=&#8221;|||on|||||&#8221; header_font_size=&#8221;64px&#8221; header_text_color=&#8221;#ffffff&#8221; body_font=&#8221;||||||||&#8221; background_color=&#8221;rgba(0,0,0,0.06)&#8221; background_image=&#8221;http:\/\/www.labgeo.ufscar.br\/site\/wp-content\/uploads\/2020\/09\/20190811_155149-1_02.jpg&#8221; custom_button=&#8221;on&#8221; button_font=&#8221;||||||||&#8221; custom_css_main_element=&#8221;min-height:50vh;&#8221;][\/et_pb_slide][\/et_pb_fullwidth_slider][\/et_pb_section][et_pb_section bb_built=&#8221;1&#8243; _builder_version=&#8221;3.0.47&#8243;][et_pb_row _builder_version=&#8221;3.0.47&#8243; background_size=&#8221;initial&#8221; background_position=&#8221;top_left&#8221; background_repeat=&#8221;repeat&#8221;][et_pb_column type=&#8221;1_2&#8243;][et_pb_text admin_label=&#8221;T\u00edtulo Bem-vindo&#8221; _builder_version=&#8221;3.0.92&#8243; text_font=&#8221;||||on||||&#8221; custom_margin=&#8221;||-10px|&#8221;]<\/p>\n<h2>Bem-vindo ao LabGEO<\/h2>\n<p>[\/et_pb_text][et_pb_text admin_label=&#8221;Texto LabGeo&#8221; _builder_version=&#8221;3.0.92&#8243; custom_padding=&#8221;10px||10px|&#8221;]<\/p>\n<p>Este \u00e9 o site do Laborat\u00f3rio de Geotecnia da Universidade Federal de S\u00e3o Carlos \u2013 LabGEO\/UFSCar, que cont\u00e9m informa\u00e7\u00f5es quanto as atividades de Ensino, Pesquisa e Extens\u00e3o na \u00e1rea de Geotecnia no Departamento de Engenharia Civil (DECiv). Esta p\u00e1gina \u00e9 direcionada aos alunos e profissionais que necessitem de ensaios tecnol\u00f3gicos em materiais geot\u00e9cnicos, al\u00e9m de servi\u00e7os de consultoria.<\/p>\n<p style=\"text-align: center;\"><img decoding=\"async\" class=\"wp-image-1841 alignnone size-full\" src=\"http:\/\/www.labgeo.ufscar.br\/site\/wp-content\/uploads\/2020\/09\/LOGO.png\" alt=\"\" width=\"257\" srcset=\"https:\/\/www.labgeo.ufscar.br\/site\/wp-content\/uploads\/2020\/09\/LOGO.png 657w, https:\/\/www.labgeo.ufscar.br\/site\/wp-content\/uploads\/2020\/09\/LOGO-300x112.png 300w\" sizes=\"(max-width: 657px) 100vw, 657px\" \/><\/p>\n<p>[\/et_pb_text][\/et_pb_column][et_pb_column type=&#8221;1_2&#8243;][et_pb_gallery gallery_ids=&#8221;1500,1623,1936,1938,1939,1940&#8243; gallery_captions=&#8221;,,,,,,,&#8221; fullwidth=&#8221;on&#8221; _builder_version=&#8221;3.0.92&#8243; show_title_and_caption=&#8221;on&#8221; show_pagination=&#8221;on&#8221; orientation=&#8221;landscape&#8221; zoom_icon_color=&#8221;#232323&#8243; hover_overlay_color=&#8221;rgba(255,255,255,0.9)&#8221; background_layout=&#8221;light&#8221; pagination_font_size_tablet=&#8221;51&#8243; pagination_line_height_tablet=&#8221;2&#8243; \/][\/et_pb_column][\/et_pb_row][\/et_pb_section][et_pb_section bb_built=&#8221;1&#8243; background_color=&#8221;#ed7e33&#8243; _builder_version=&#8221;3.0.92&#8243;][et_pb_row custom_padding=&#8221;36.6875px|0px|7px|0px&#8221; custom_margin=&#8221;||20px|&#8221; disabled_on=&#8221;on|on|&#8221; _builder_version=&#8221;3.0.92&#8243;][et_pb_column type=&#8221;4_4&#8243;][et_pb_text admin_label=&#8221;T\u00edtulo Ensaios&#8221; _builder_version=&#8221;3.0.92&#8243; text_font=&#8221;||||on||||&#8221;]<\/p>\n<h2>Ensaios<\/h2>\n<p>[\/et_pb_text][\/et_pb_column][\/et_pb_row][et_pb_row _builder_version=&#8221;3.0.92&#8243;][et_pb_column type=&#8221;1_4&#8243;][et_pb_blurb admin_label=&#8221;Solos&#8221; title=&#8221;SOLOS&#8221; url=&#8221;http:\/\/www.labgeo.ufscar.br\/site\/ensaios-em-solos\/&#8221; image=&#8221;http:\/\/www.labgeo.ufscar.br\/site\/wp-content\/uploads\/2018\/05\/icon-ensaios-solo.png&#8221; _builder_version=&#8221;3.0.92&#8243; text_orientation=&#8221;center&#8221; url_new_window=&#8221;off&#8221; use_icon=&#8221;off&#8221; use_circle=&#8221;off&#8221; use_circle_border=&#8221;off&#8221; icon_placement=&#8221;top&#8221; use_icon_font_size=&#8221;off&#8221; background_layout=&#8221;light&#8221; \/][\/et_pb_column][et_pb_column type=&#8221;1_4&#8243;][et_pb_blurb admin_label=&#8221;CAMPO&#8221; title=&#8221;Ensaio de Campo&#8221; url=&#8221;http:\/\/www.labgeo.ufscar.br\/site\/ensaios-de-campo-e-ensaios-especiais\/&#8221; image=&#8221;http:\/\/www.labgeo.ufscar.br\/site\/wp-content\/uploads\/2018\/05\/icon-ensaios-campo.png&#8221; _builder_version=&#8221;3.0.92&#8243; text_orientation=&#8221;center&#8221; url_new_window=&#8221;off&#8221; use_icon=&#8221;off&#8221; use_circle=&#8221;off&#8221; use_circle_border=&#8221;off&#8221; icon_placement=&#8221;top&#8221; use_icon_font_size=&#8221;off&#8221; background_layout=&#8221;light&#8221; \/][\/et_pb_column][et_pb_column type=&#8221;1_4&#8243;][et_pb_blurb admin_label=&#8221;GEOSSINTETICOS&#8221; title=&#8221;GEOSSINT\u00c9TICOS&#8221; url=&#8221;http:\/\/www.labgeo.ufscar.br\/site\/ensaios-em-geossinteticos\/&#8221; image=&#8221;http:\/\/www.labgeo.ufscar.br\/site\/wp-content\/uploads\/2018\/05\/icon-ensaios-geossinteticos.png&#8221; _builder_version=&#8221;3.0.92&#8243; text_orientation=&#8221;center&#8221; url_new_window=&#8221;off&#8221; use_icon=&#8221;off&#8221; use_circle=&#8221;off&#8221; use_circle_border=&#8221;off&#8221; icon_placement=&#8221;top&#8221; use_icon_font_size=&#8221;off&#8221; background_layout=&#8221;light&#8221; \/][\/et_pb_column][et_pb_column type=&#8221;1_4&#8243;][et_pb_blurb admin_label=&#8221;ESPECIAIS&#8221; title=&#8221;Ensaios Especiais&#8221; url=&#8221;http:\/\/www.labgeo.ufscar.br\/site\/ensaios-de-campo-e-ensaios-especiais\/&#8221; image=&#8221;http:\/\/www.labgeo.ufscar.br\/site\/wp-content\/uploads\/2018\/05\/icon-ensaios-especiais.png&#8221; _builder_version=&#8221;3.0.92&#8243; text_orientation=&#8221;center&#8221; url_new_window=&#8221;off&#8221; use_icon=&#8221;off&#8221; use_circle=&#8221;off&#8221; use_circle_border=&#8221;off&#8221; icon_placement=&#8221;top&#8221; use_icon_font_size=&#8221;off&#8221; background_layout=&#8221;light&#8221; \/][\/et_pb_column][\/et_pb_row][\/et_pb_section][et_pb_section bb_built=&#8221;1&#8243; _builder_version=&#8221;3.0.47&#8243;][et_pb_row disabled_on=&#8221;on|on|on&#8221; _builder_version=&#8221;3.0.92&#8243; background_size=&#8221;initial&#8221; background_position=&#8221;top_left&#8221; background_repeat=&#8221;repeat&#8221;][et_pb_column type=&#8221;4_4&#8243;][et_pb_text _builder_version=&#8221;3.0.92&#8243;]<\/p>\n<h2>PR\u00d3XIMOS EVENTOS<\/h2>\n<p>[\/et_pb_text][et_pb_image src=&#8221;http:\/\/www.labgeo.ufscar.br\/site\/wp-content\/uploads\/2020\/02\/GEOAMERICAS.png&#8221; _builder_version=&#8221;3.0.92&#8243; \/][\/et_pb_column][\/et_pb_row][\/et_pb_section][et_pb_section bb_built=&#8221;1&#8243; _builder_version=&#8221;3.0.92&#8243; custom_margin=&#8221;|||&#8221; custom_padding=&#8221;|||&#8221;][et_pb_row _builder_version=&#8221;3.0.92&#8243;][et_pb_column type=&#8221;4_4&#8243;][et_pb_text admin_label=&#8221;T\u00edtulo de Amigos&#8221; _builder_version=&#8221;3.0.92&#8243; text_font=&#8221;||||on||||&#8221;]<\/p>\n<h2>Amigos do LabGeo<\/h2>\n<p>[\/et_pb_text][\/et_pb_column][\/et_pb_row][et_pb_row _builder_version=&#8221;3.0.92&#8243;][et_pb_column type=&#8221;4_4&#8243;][et_pb_code admin_label=&#8221;Slide Amigos&#8221; _builder_version=&#8221;3.0.92&#8243;]<div class='white' style='background:rgba(0,0,0,0); border:solid 0px rgba(0,0,0,0); border-radius:0px; padding:0px 0px 0px 0px;'>\n<div id='slider_972' class='owl-carousel owl-pagination-true autohide-arrows sa_owl_theme'>\n<div id='slider_972_slide03' class='sa_hover_container' style='padding:5% 5%; margin:0px 0%; background-image:url(&quot;&quot;); background-position:left top; background-size:contain; background-repeat:no-repeat; background-color:rgba(0,0,0,0); '><p><img loading=\"lazy\" decoding=\"async\" class=\"size-full wp-image-1056 aligncenter\" src=\"http:\/\/www.labgeo.ufscar.br\/site\/wp-content\/uploads\/2018\/04\/huesker.png\" alt=\"\" width=\"246\" height=\"58\" \/><\/p><\/div>\n<div id='slider_972_slide06' class='sa_hover_container' style='padding:5% 5%; margin:0px 0%; background-image:url(&quot;&quot;); background-position:left top; background-size:contain; background-repeat:no-repeat; background-color:rgba(0,0,0,0); '><p><img loading=\"lazy\" decoding=\"async\" class=\"size-full wp-image-1052 aligncenter\" src=\"http:\/\/www.labgeo.ufscar.br\/site\/wp-content\/uploads\/2018\/04\/ms.png\" alt=\"\" width=\"120\" height=\"90\" \/><\/p><\/div>\n<div id='slider_972_slide04' class='sa_hover_container' style='padding:5% 5%; margin:0px 0%; background-image:url(&quot;&quot;); background-position:left top; background-size:contain; background-repeat:no-repeat; background-color:rgba(0,0,0,0); '><p><img loading=\"lazy\" decoding=\"async\" class=\"size-full wp-image-1054 aligncenter\" src=\"http:\/\/www.labgeo.ufscar.br\/site\/wp-content\/uploads\/2018\/04\/saocarlosambiental.png\" alt=\"\" width=\"261\" height=\"85\" \/><\/p><\/div>\n<div id='slider_972_slide01' class='sa_hover_container' style='padding:5% 5%; margin:0px 0%; background-image:url(&quot;&quot;); background-position:left top; background-size:contain; background-repeat:no-repeat; background-color:rgba(0,0,0,0); '><p><img loading=\"lazy\" decoding=\"async\" class=\"size-full wp-image-1058 aligncenter\" src=\"http:\/\/www.labgeo.ufscar.br\/site\/wp-content\/uploads\/2018\/04\/amx.png\" alt=\"\" width=\"228\" height=\"50\" \/><\/p><\/div>\n<div id='slider_972_slide02' class='sa_hover_container' style='padding:5% 5%; margin:0px 0%; background-image:url(&quot;&quot;); background-position:left top; background-size:contain; background-repeat:no-repeat; background-color:rgba(0,0,0,0); '><p><img loading=\"lazy\" decoding=\"async\" class=\"size-medium wp-image-1057 aligncenter\" src=\"http:\/\/www.labgeo.ufscar.br\/site\/wp-content\/uploads\/2018\/04\/geosolucoes-300x61.png\" alt=\"\" width=\"300\" height=\"61\" srcset=\"https:\/\/www.labgeo.ufscar.br\/site\/wp-content\/uploads\/2018\/04\/geosolucoes-300x61.png 300w, https:\/\/www.labgeo.ufscar.br\/site\/wp-content\/uploads\/2018\/04\/geosolucoes.png 312w\" sizes=\"auto, (max-width: 300px) 100vw, 300px\" \/><\/p><\/div>\n<div id='slider_972_slide05' class='sa_hover_container' style='padding:5% 5%; margin:0px 0%; background-image:url(&quot;&quot;); background-position:left top; background-size:contain; background-repeat:no-repeat; background-color:rgba(0,0,0,0); '><p><img loading=\"lazy\" decoding=\"async\" class=\"size-full wp-image-1053 aligncenter\" src=\"http:\/\/www.labgeo.ufscar.br\/site\/wp-content\/uploads\/2018\/04\/okm.jpg\" alt=\"\" width=\"255\" height=\"66\" \/><\/p><\/div>\n<\/div>\n<\/div>\n[\/et_pb_code][\/et_pb_column][\/et_pb_row][et_pb_row _builder_version=&#8221;3.0.92&#8243;][et_pb_column type=&#8221;4_4&#8243;][et_pb_text admin_label=&#8221;T\u00edtulo Link \u00fateis&#8221; _builder_version=&#8221;3.0.92&#8243; text_font=&#8221;||||on||||&#8221;]<\/p>\n<h2>Links \u00dateis<\/h2>\n<p>[\/et_pb_text][\/et_pb_column][\/et_pb_row][et_pb_row _builder_version=&#8221;3.0.92&#8243; custom_padding=&#8221;0px|0px|36.625px|0px&#8221;][et_pb_column type=&#8221;4_4&#8243;][et_pb_code admin_label=&#8221;Slide Link uteis&#8221; _builder_version=&#8221;3.0.92&#8243;]<div class='white' style='background:rgb(255, 255, 255); border:solid 0px rgb(255, 255, 255); border-radius:5px; padding:8px 8px 8px 8px;'>\n<div id='sample_slider' class='owl-carousel sa_owl_theme'>\n<div id='sample_slider_slide01' class='sa_hover_container' style='padding:5% 5%; margin:0px 0%; background-image:url(&quot;&quot;); background-position:left top; background-size:contain; background-repeat:no-repeat; background-color:rgb(255, 255, 255); '><div style=\"text-align: center; padding-bottom: 10px;\">\r\n<div><a href=\"http:\/\/www.capes.gov.br\/\" target=\"_blank\" rel=\"noopener\"><img loading=\"lazy\" decoding=\"async\" class=\"alignnone size-full wp-image-837\" src=\"http:\/\/www.labgeo.ufscar.br\/site\/wp-content\/uploads\/2018\/04\/capes.png\" alt=\"\" width=\"109\" height=\"150\" \/><\/a><\/div>\r\n<\/div><\/div>\n<div id='sample_slider_slide02' class='sa_hover_container' style='padding:5% 5%; margin:0px 0%; background-image:url(&quot;&quot;); background-position:left top; background-size:contain; background-repeat:no-repeat; background-color:rgb(255, 255, 255); '><div style=\"text-align: center; padding-bottom: 10px;\">\r\n<div><a href=\"http:\/\/www.cnpq.br\/\" target=\"_blank\" rel=\"noopener\"><img loading=\"lazy\" decoding=\"async\" class=\"alignnone size-full wp-image-838\" src=\"http:\/\/www.labgeo.ufscar.br\/site\/wp-content\/uploads\/2018\/04\/cnpq.png\" alt=\"\" width=\"234\" height=\"150\" \/><\/a><\/div>\r\n<\/div><\/div>\n<div id='sample_slider_slide03' class='sa_hover_container' style='padding:5% 5%; margin:0px 0%; background-image:url(&quot;&quot;); background-position:left top; background-size:contain; background-repeat:no-repeat; background-color:rgb(255, 255, 255); '><div style=\"text-align: center; padding-bottom: 10px;\"><a href=\"http:\/\/www.labgeo.ufscar.br\/images\/links\/fapesp.png\" target=\"_blank\" rel=\"noopener\"><img loading=\"lazy\" decoding=\"async\" class=\"alignnone size-medium wp-image-840\" src=\"http:\/\/www.labgeo.ufscar.br\/site\/wp-content\/uploads\/2018\/04\/fapesp-300x184.png\" alt=\"\" width=\"300\" height=\"184\" srcset=\"https:\/\/www.labgeo.ufscar.br\/site\/wp-content\/uploads\/2018\/04\/fapesp-300x184.png 300w, https:\/\/www.labgeo.ufscar.br\/site\/wp-content\/uploads\/2018\/04\/fapesp.png 407w\" sizes=\"auto, (max-width: 300px) 100vw, 300px\" \/><\/a><\/div><\/div>\n<div id='sample_slider_slide04' class='sa_hover_container' style='padding:5% 5%; margin:0px 0%; background-image:url(&quot;&quot;); background-position:left top; background-size:contain; background-repeat:no-repeat; background-color:rgb(255, 255, 255); '><div style=\"text-align: center; padding-bottom: 10px;\"><a href=\"http:\/\/www.abnt.org.br\/\" target=\"_blank\" rel=\"noopener\"><img loading=\"lazy\" decoding=\"async\" class=\"alignnone size-full wp-image-835\" src=\"http:\/\/www.labgeo.ufscar.br\/site\/wp-content\/uploads\/2018\/04\/abnt.jpg\" alt=\"\" width=\"200\" height=\"150\" \/><\/a><\/div><\/div>\n<div id='sample_slider_slide05' class='sa_hover_container' style='padding:5% 5%; margin:0px 0%; background-image:url(&quot;&quot;); background-position:left top; background-size:contain; background-repeat:no-repeat; background-color:rgb(255, 255, 255); '><div style=\"text-align: center; padding-bottom: 10px;\"><a href=\"http:\/\/www.mma.gov.br\/port\/conama\/\" target=\"_blank\" rel=\"noopener\"><img loading=\"lazy\" decoding=\"async\" class=\"alignnone size-full wp-image-839\" src=\"http:\/\/www.labgeo.ufscar.br\/site\/wp-content\/uploads\/2018\/04\/conama.jpg\" alt=\"\" width=\"86\" height=\"125\" \/><\/a><\/div><\/div>\n<div id='sample_slider_slide06' class='sa_hover_container' style='padding:5% 5%; margin:0px 0%; background-image:url(&quot;&quot;); background-position:left top; background-size:contain; background-repeat:no-repeat; background-color:rgb(255, 255, 255); '><div style=\"text-align: center; padding-bottom: 10px;\"><a href=\"http:\/\/igsbrasil.org.br\/\" target=\"_blank\" rel=\"noopener\"><img loading=\"lazy\" decoding=\"async\" class=\"alignnone size-full wp-image-841\" src=\"http:\/\/www.labgeo.ufscar.br\/site\/wp-content\/uploads\/2018\/04\/igs.png\" alt=\"\" width=\"262\" height=\"130\" \/><\/a><\/div><\/div>\n<div id='sample_slider_slide07' class='sa_hover_container' style='padding:5% 5%; margin:0px 0%; background-image:url(&quot;&quot;); background-position:left top; background-size:contain; background-repeat:no-repeat; background-color:rgb(255, 255, 255); '><div style=\"text-align: center; padding-bottom: 10px;\"><a href=\"http:\/\/www.abms.com.br\/\" target=\"_blank\" rel=\"noopener\"><img loading=\"lazy\" decoding=\"async\" class=\"alignnone size-full wp-image-834\" src=\"http:\/\/www.labgeo.ufscar.br\/site\/wp-content\/uploads\/2018\/04\/abms.jpg\" alt=\"\" width=\"156\" height=\"110\" \/><\/a><\/div><\/div>\n<div id='sample_slider_slide08' class='sa_hover_container' style='padding:5% 5%; margin:0px 0%; background-image:url(&quot;&quot;); background-position:left top; background-size:contain; background-repeat:no-repeat; background-color:rgb(255, 255, 255); '><div style=\"text-align: center; padding-bottom: 10px;\"><a href=\"https:\/\/www.astm.org\/\" target=\"_blank\" rel=\"noopener\"><img loading=\"lazy\" decoding=\"async\" class=\"alignnone size-full wp-image-836\" src=\"http:\/\/www.labgeo.ufscar.br\/site\/wp-content\/uploads\/2018\/04\/astm.png\" alt=\"\" width=\"100\" height=\"100\" \/><\/a><\/div><\/div>\n<\/div>\n<\/div>\n[\/et_pb_code][\/et_pb_column][\/et_pb_row][\/et_pb_section]<\/p>\n","protected":false},"excerpt":{"rendered":"<p>[et_pb_section bb_built=&#8221;1&#8243; fullwidth=&#8221;on&#8221; disabled_on=&#8221;on|on|on&#8221; _builder_version=&#8221;3.0.92&#8243;][et_pb_fullwidth_slider admin_label=&#8221;Slider Principal da Home&#8221; _builder_version=&#8221;3.0.92&#8243; auto=&#8221;on&#8221; auto_speed=&#8221;5000&#8243;][et_pb_slide heading=&#8221;LabGEO\/UFSCar&#8221; button_text=&#8221;CONHE\u00c7A O LABORAT\u00d3RIO&#8221; button_link=&#8221;http:\/\/www.labgeo.ufscar.br\/site\/o-laboratorio&#8221; use_bg_overlay=&#8221;on&#8221; bg_overlay_color=&#8221;rgba(22,22,22,0.6)&#8221; use_text_overlay=&#8221;off&#8221; _builder_version=&#8221;3.0.92&#8243; header_font=&#8221;||||||||&#8221; background_image=&#8221;http:\/\/www.labgeo.ufscar.br\/site\/wp-content\/uploads\/2018\/07\/20180727170858_IMG_0123.jpg&#8221;]Laborat\u00f3rio de Geotecnia da Universidade Federal de S\u00e3o Carlos [\/et_pb_slide][et_pb_slide heading=&#8221;Ensaios Laboratoriais&#8221; button_text=&#8221;SAIBA MAIS&#8221; button_link=&#8221;http:\/\/www.labgeo.ufscar.br\/site\/category\/solos\/&#8221; use_bg_overlay=&#8221;on&#8221; bg_overlay_color=&#8221;rgba(22,22,22,0.6)&#8221; use_text_overlay=&#8221;off&#8221; _builder_version=&#8221;3.0.92&#8243; header_font=&#8221;||||||||&#8221; background_image=&#8221;http:\/\/www.labgeo.ufscar.br\/site\/wp-content\/uploads\/2018\/05\/banner2-1.jpg&#8221;]Confira nossos ensaios laboratoriais [\/et_pb_slide][et_pb_slide heading=&#8221;Ensaios de Campo&#8221; button_text=&#8221;SAIBA MAIS&#8221; button_link=&#8221;http:\/\/www.labgeo.ufscar.br\/site\/ensaios-de-campo\/&#8221; use_bg_overlay=&#8221;on&#8221; bg_overlay_color=&#8221;rgba(22,22,22,0.6)&#8221; [&hellip;]<\/p>\n","protected":false},"author":1,"featured_media":0,"parent":0,"menu_order":0,"comment_status":"closed","ping_status":"closed","template":"page-template-fullwidth.php","meta":{"footnotes":""},"class_list":["post-954","page","type-page","status-publish","hentry"],"_links":{"self":[{"href":"https:\/\/www.labgeo.ufscar.br\/site\/wp-json\/wp\/v2\/pages\/954","targetHints":{"allow":["GET"]}}],"collection":[{"href":"https:\/\/www.labgeo.ufscar.br\/site\/wp-json\/wp\/v2\/pages"}],"about":[{"href":"https:\/\/www.labgeo.ufscar.br\/site\/wp-json\/wp\/v2\/types\/page"}],"author":[{"embeddable":true,"href":"https:\/\/www.labgeo.ufscar.br\/site\/wp-json\/wp\/v2\/users\/1"}],"replies":[{"embeddable":true,"href":"https:\/\/www.labgeo.ufscar.br\/site\/wp-json\/wp\/v2\/comments?post=954"}],"version-history":[{"count":107,"href":"https:\/\/www.labgeo.ufscar.br\/site\/wp-json\/wp\/v2\/pages\/954\/revisions"}],"predecessor-version":[{"id":1953,"href":"https:\/\/www.labgeo.ufscar.br\/site\/wp-json\/wp\/v2\/pages\/954\/revisions\/1953"}],"wp:attachment":[{"href":"https:\/\/www.labgeo.ufscar.br\/site\/wp-json\/wp\/v2\/media?parent=954"}],"curies":[{"name":"wp","href":"https:\/\/api.w.org\/{rel}","templated":true}]}}