{"id":984,"date":"2018-04-15T01:14:10","date_gmt":"2018-04-15T04:14:10","guid":{"rendered":"http:\/\/www.labgeo.ufscar.br\/site\/?page_id=984"},"modified":"2021-02-21T11:44:45","modified_gmt":"2021-02-21T14:44:45","slug":"contato","status":"publish","type":"page","link":"https:\/\/www.labgeo.ufscar.br\/site\/contato\/","title":{"rendered":"Contato"},"content":{"rendered":"<p>[et_pb_section bb_built=&#8221;1&#8243; _builder_version=&#8221;3.0.47&#8243;][et_pb_row _builder_version=&#8221;3.0.92&#8243; custom_padding=&#8221;38.0469px|0px|0px|0px&#8221;][et_pb_column type=&#8221;4_4&#8243;][et_pb_text _builder_version=&#8221;3.0.92&#8243;]<\/p>\n<h1 class=\"entry-title\">CONTATO<\/h1>\n<p>[\/et_pb_text][\/et_pb_column][\/et_pb_row][et_pb_row _builder_version=&#8221;3.0.47&#8243; background_size=&#8221;initial&#8221; background_position=&#8221;top_left&#8221; background_repeat=&#8221;repeat&#8221; custom_padding=&#8221;6px|0px|38.0469px|0px&#8221;][et_pb_column type=&#8221;1_2&#8243;][et_pb_text _builder_version=&#8221;3.0.92&#8243; background_layout=&#8221;light&#8221;]<\/p>\n<h4>Coordenador<\/h4>\n<p>Prof. Dr. Fernando H. M. Portelinha<\/p>\n<h3>e-mail<\/h3>\n<p>fportelinha@ufscar.br<\/p>\n<p><span class=\"qu\" tabindex=\"-1\" role=\"gridcell\"><span class=\"go\">lab.geo@ufscar.br<\/span><\/span><\/p>\n<h3>Whatsapp<\/h3>\n<p>(16)98812-2606<\/p>\n<h4><strong>Endere\u00e7o:\u00a0<\/strong><\/h4>\n<p>Rodovia Washington Luis, km 235, SP-310, CEP 13564-350<\/p>\n<p>Bairro Monjolinho<\/p>\n<p>S\u00e3o Carlos &#8211; SP<\/p>\n<h4>Telefones:<\/h4>\n<p>Laborat\u00f3rio: (16) 3509-1865<\/p>\n<p>Coordenador: (16) 3351-9689<\/p>\n<h4>T\u00e9cnico<\/h4>\n<p>Eng. MSc. Matheus Cardoso dos Santos<\/p>\n<p>[\/et_pb_text][\/et_pb_column][et_pb_column type=&#8221;1_2&#8243;][et_pb_text _builder_version=&#8221;3.0.92&#8243; custom_margin=&#8221;|||&#8221;]<\/p>\n<h3>Formul\u00e1rio de Contato<\/h3>\n<p>Envie uma mensagem abaixo que iremos retornar o mais breve poss\u00edvel.<\/p>\n<p>[\/et_pb_text][et_pb_contact_form captcha=&#8221;off&#8221; email=&#8221;lab.geo@ufscar.br&#8221; title=&#8221;Contato via site LabGeo&#8221; custom_message=&#8221;Nome: %%Name%%||et_pb_line_break_holder||||et_pb_line_break_holder||E-mail: %%Email%%||et_pb_line_break_holder||||et_pb_line_break_holder||Mensagem: %%Message%%&#8221; _builder_version=&#8221;3.0.92&#8243; module_id=&#8221;et_pb_contact_form_0&#8243;][et_pb_contact_field field_id=&#8221;Name&#8221; field_title=&#8221;Nome&#8221; _builder_version=&#8221;3.0.47&#8243; border_radii=&#8221;on||||&#8221;][\/et_pb_contact_field][et_pb_contact_field field_id=&#8221;Email&#8221; field_title=&#8221;E-mail&#8221; field_type=&#8221;email&#8221; _builder_version=&#8221;3.0.47&#8243; border_radii=&#8221;on||||&#8221;][\/et_pb_contact_field][et_pb_contact_field field_id=&#8221;Message&#8221; field_title=&#8221;Mensagem&#8221; field_type=&#8221;text&#8221; fullwidth_field=&#8221;on&#8221; _builder_version=&#8221;3.0.47&#8243; border_radii=&#8221;on||||&#8221;][\/et_pb_contact_field][\/et_pb_contact_form][\/et_pb_column][\/et_pb_row][\/et_pb_section]<\/p>\n","protected":false},"excerpt":{"rendered":"<p>[et_pb_section bb_built=&#8221;1&#8243; _builder_version=&#8221;3.0.47&#8243;][et_pb_row _builder_version=&#8221;3.0.92&#8243; custom_padding=&#8221;38.0469px|0px|0px|0px&#8221;][et_pb_column type=&#8221;4_4&#8243;][et_pb_text _builder_version=&#8221;3.0.92&#8243;] CONTATO [\/et_pb_text][\/et_pb_column][\/et_pb_row][et_pb_row _builder_version=&#8221;3.0.47&#8243; background_size=&#8221;initial&#8221; background_position=&#8221;top_left&#8221; background_repeat=&#8221;repeat&#8221; custom_padding=&#8221;6px|0px|38.0469px|0px&#8221;][et_pb_column type=&#8221;1_2&#8243;][et_pb_text _builder_version=&#8221;3.0.92&#8243; background_layout=&#8221;light&#8221;] Coordenador Prof. Dr. Fernando H. M. Portelinha e-mail fportelinha@ufscar.br lab.geo@ufscar.br Whatsapp (16)98812-2606 Endere\u00e7o:\u00a0 Rodovia Washington Luis, km 235, SP-310, CEP 13564-350 Bairro Monjolinho S\u00e3o Carlos &#8211; SP Telefones: Laborat\u00f3rio: (16) 3509-1865 Coordenador: (16) 3351-9689 T\u00e9cnico Eng. MSc. Matheus [&hellip;]<\/p>\n","protected":false},"author":1,"featured_media":0,"parent":0,"menu_order":0,"comment_status":"closed","ping_status":"closed","template":"page-template-fullwidth.php","meta":{"footnotes":""},"class_list":["post-984","page","type-page","status-publish","hentry"],"_links":{"self":[{"href":"https:\/\/www.labgeo.ufscar.br\/site\/wp-json\/wp\/v2\/pages\/984","targetHints":{"allow":["GET"]}}],"collection":[{"href":"https:\/\/www.labgeo.ufscar.br\/site\/wp-json\/wp\/v2\/pages"}],"about":[{"href":"https:\/\/www.labgeo.ufscar.br\/site\/wp-json\/wp\/v2\/types\/page"}],"author":[{"embeddable":true,"href":"https:\/\/www.labgeo.ufscar.br\/site\/wp-json\/wp\/v2\/users\/1"}],"replies":[{"embeddable":true,"href":"https:\/\/www.labgeo.ufscar.br\/site\/wp-json\/wp\/v2\/comments?post=984"}],"version-history":[{"count":20,"href":"https:\/\/www.labgeo.ufscar.br\/site\/wp-json\/wp\/v2\/pages\/984\/revisions"}],"predecessor-version":[{"id":1985,"href":"https:\/\/www.labgeo.ufscar.br\/site\/wp-json\/wp\/v2\/pages\/984\/revisions\/1985"}],"wp:attachment":[{"href":"https:\/\/www.labgeo.ufscar.br\/site\/wp-json\/wp\/v2\/media?parent=984"}],"curies":[{"name":"wp","href":"https:\/\/api.w.org\/{rel}","templated":true}]}}